{"id":11,"date":"2025-07-24T07:58:32","date_gmt":"2025-07-24T07:58:32","guid":{"rendered":"https:\/\/kardiodiab.pl\/index.php\/kardiodiab-pl\/"},"modified":"2025-11-04T20:57:07","modified_gmt":"2025-11-04T20:57:07","slug":"kardiodiab-pl","status":"publish","type":"page","link":"https:\/\/kardiodiab.pl\/index.php\/kardiodiab-pl\/","title":{"rendered":"KardioDiab"},"content":{"rendered":"<p><svg aria-hidden=\"true\" viewBox=\"0 0 496 512\" xmlns=\"http:\/\/www.w3.org\/2000\/svg\"><path d=\"M336.5 160C322 70.7 287.8 8 248 8s-74 62.7-88.5 152h177zM152 256c0 22.2 1.2 43.5 3.3 64h185.3c2.1-20.5 3.3-41.8 3.3-64s-1.2-43.5-3.3-64H155.3c-2.1 20.5-3.3 41.8-3.3 64zm324.7-96c-28.6-67.9-86.5-120.4-158-141.6 24.4 33.8 41.2 84.7 50 141.6h108zM177.2 18.4C105.8 39.6 47.8 92.1 19.3 160h108c8.7-56.9 25.5-107.8 49.9-141.6zM487.4 192H372.7c2.1 21 3.3 42.5 3.3 64s-1.2 43-3.3 64h114.6c5.5-20.5 8.6-41.8 8.6-64s-3.1-43.5-8.5-64zM120 256c0-21.5 1.2-43 3.3-64H8.6C3.2 212.5 0 233.8 0 256s3.2 43.5 8.6 64h114.6c-2-21-3.2-42.5-3.2-64zm39.5 96c14.5 89.3 48.7 152 88.5 152s74-62.7 88.5-152h-177zm159.3 141.6c71.4-21.2 129.4-73.7 158-141.6h-108c-8.8 56.9-25.6 107.8-50 141.6zM19.3 352c28.6 67.9 86.5 120.4 158 141.6-24.4-33.8-41.2-84.7-50-141.6h-108z\"><\/path><\/svg>\t\t\t<\/p>\n<h4>Dwie lokalizacje:<\/h4>\n<ul>\n<li>\n<h5>\u017bywiec, Ko\u015bciuszki 7<\/h5>\n<\/li>\n<li>\n<h5>Skocz\u00f3w, Stary Targ 7b<\/h5>\n<\/li>\n<\/ul>\n<p>\t\t\t<svg aria-hidden=\"true\" viewBox=\"0 0 512 512\" xmlns=\"http:\/\/www.w3.org\/2000\/svg\"><path d=\"M256 8C119 8 8 119 8 256s111 248 248 248 248-111 248-248S393 8 256 8zm0 448c-110.5 0-200-89.5-200-200S145.5 56 256 56s200 89.5 200 200-89.5 200-200 200zm61.8-104.4l-84.9-61.7c-3.1-2.3-4.9-5.9-4.9-9.7V116c0-6.6 5.4-12 12-12h32c6.6 0 12 5.4 12 12v141.7l66.8 48.6c5.4 3.9 6.5 11.4 2.6 16.8L334.6 349c-3.9 5.3-11.4 6.5-16.8 2.6z\"><\/path><\/svg>\t\t\t<\/p>\n<h4>Godziny rejestracji:<\/h4>\n<h5 style=\"text-align: center;\">poniedzia\u0142ek &#8211; pi\u0105tek<\/h5>\n<h5 style=\"text-align: center;\">8:00 &#8211; 16:00<\/h5>\n<h2>Nasze us\u0142ugi<\/h2>\n<h3>Gabinet kardiologiczny<\/h3>\n<p>\t\t\t<svg aria-hidden=\"true\" viewBox=\"0 0 512 512\" xmlns=\"http:\/\/www.w3.org\/2000\/svg\"><path d=\"M462.3 62.6C407.5 15.9 326 24.3 275.7 76.2L256 96.5l-19.7-20.3C186.1 24.3 104.5 15.9 49.7 62.6c-62.8 53.6-66.1 149.8-9.9 207.9l193.5 199.8c12.5 12.9 32.8 12.9 45.3 0l193.5-199.8c56.3-58.1 53-154.3-9.8-207.9z\"><\/path><\/svg>\t\t\t<\/p>\n<h4>Diagnostyka i leczenie chor\u00f3b uk\u0142adu sercowo-naczyniowego:<\/h4>\n<ul>\n<li>\n<p>choroba wie\u0144cowa, diagnostyka b\u00f3lu w klatce piersiowej<\/p>\n<\/li>\n<li>\n<p>zaburzenia rytmu serca<\/p>\n<\/li>\n<li>\n<p>nadci\u015bnienie t\u0119tnicze<\/p>\n<\/li>\n<li>\n<p>wady zastawkowe serca<\/p>\n<\/li>\n<li>\n<p>niewydolno\u015b\u0107 serca<\/p>\n<\/li>\n<\/ul>\n<ul>\n<li>\n<p>diagnostyka i leczenie cukrzycy<\/p>\n<\/li>\n<li>\n<p>leczenie oty\u0142o\u015bci i zaburze\u0144 tolerancji w\u0119glowodan\u00f3w, insuliooporno\u015bci<\/p>\n<\/li>\n<li>\n<p>diagnostyka i leczenie niedoczynno\u015bci tarczycy<\/p>\n<\/li>\n<li>\n<p>EKG<\/p>\n<\/li>\n<li>\n<p>USG jamy brzusznej<\/p>\n<\/li>\n<li>\n<p>USG tarczycy<\/p>\n<\/li>\n<\/ul>\n<h3>Diabetologia<\/h3>\n<p>\t\t\t<svg aria-hidden=\"true\" viewBox=\"0 0 512 512\" xmlns=\"http:\/\/www.w3.org\/2000\/svg\"><path d=\"M201.5 174.8l55.7 55.8c3.1 3.1 3.1 8.2 0 11.3l-11.3 11.3c-3.1 3.1-8.2 3.1-11.3 0l-55.7-55.8-45.3 45.3 55.8 55.8c3.1 3.1 3.1 8.2 0 11.3l-11.3 11.3c-3.1 3.1-8.2 3.1-11.3 0L111 265.2l-26.4 26.4c-17.3 17.3-25.6 41.1-23 65.4l7.1 63.6L2.3 487c-3.1 3.1-3.1 8.2 0 11.3l11.3 11.3c3.1 3.1 8.2 3.1 11.3 0l66.3-66.3 63.6 7.1c23.9 2.6 47.9-5.4 65.4-23l181.9-181.9-135.7-135.7-64.9 65zm308.2-93.3L430.5 2.3c-3.1-3.1-8.2-3.1-11.3 0l-11.3 11.3c-3.1 3.1-3.1 8.2 0 11.3l28.3 28.3-45.3 45.3-56.6-56.6-17-17c-3.1-3.1-8.2-3.1-11.3 0l-33.9 33.9c-3.1 3.1-3.1 8.2 0 11.3l17 17L424.8 223l17 17c3.1 3.1 8.2 3.1 11.3 0l33.9-34c3.1-3.1 3.1-8.2 0-11.3l-73.5-73.5 45.3-45.3 28.3 28.3c3.1 3.1 8.2 3.1 11.3 0l11.3-11.3c3.1-3.2 3.1-8.2 0-11.4z\"><\/path><\/svg>\t\t\t<\/p>\n<h3>Diagnostyka kardiologiczna<\/h3>\n<p>\t\t\t<svg aria-hidden=\"true\" viewBox=\"0 0 512 512\" xmlns=\"http:\/\/www.w3.org\/2000\/svg\"><path d=\"M320.2 243.8l-49.7 99.4c-6 12.1-23.4 11.7-28.9-.6l-56.9-126.3-30 71.7H60.6l182.5 186.5c7.1 7.3 18.6 7.3 25.7 0L451.4 288H342.3l-22.1-44.2zM473.7 73.9l-2.4-2.5c-51.5-52.6-135.8-52.6-187.4 0L256 100l-27.9-28.5c-51.5-52.7-135.9-52.7-187.4 0l-2.4 2.4C-10.4 123.7-12.5 203 31 256h102.4l35.9-86.2c5.4-12.9 23.6-13.2 29.4-.4l58.2 129.3 49-97.9c5.9-11.8 22.7-11.8 28.6 0l27.6 55.2H481c43.5-53 41.4-132.3-7.3-182.1z\"><\/path><\/svg>\t\t\t<\/p>\n<ul>\n<li>\n<p>EKG<\/p>\n<\/li>\n<li>\n<p>24 godzinny zapis ci\u015bnienia t\u0119tniczego &#8211; Holter EKG<\/p>\n<\/li>\n<li>\n<p>24 godzinny zapis ci\u015bnienia t\u0119tniczego &#8211; Holter RR<\/p>\n<\/li>\n<li>\n<p>USG serca, UKG, ECHO serca<\/p>\n<\/li>\n<li>\n<p>USG jamy brzusznejchoroba wie\u0144cowa, diagnostyka b\u00f3lu w klatce piersiowej<\/p>\n<\/li>\n<li>\n<p>zaburzenia rytmu serca<\/p>\n<\/li>\n<li>\n<p>nadci\u015bnienie t\u0119tnicze<\/p>\n<\/li>\n<li>\n<p>wady zastawkowe serca<\/p>\n<\/li>\n<li>\n<p>niewydolno\u015b\u0107 serca<\/p>\n<\/li>\n<\/ul>\n<ul>\n<li>\n<p>wady postawy<\/p>\n<\/li>\n<li>\n<p>b\u00f3le staw\u00f3w<\/p>\n<\/li>\n<li>\n<p>iniekcje dostawowe<\/p>\n<\/li>\n<\/ul>\n<h3>Ortopedia<\/h3>\n<p>\t\t\t<svg aria-hidden=\"true\" viewBox=\"0 0 640 512\" xmlns=\"http:\/\/www.w3.org\/2000\/svg\"><path d=\"M598.88 244.56c25.2-12.6 41.12-38.36 41.12-66.53v-7.64C640 129.3 606.7 96 565.61 96c-32.02 0-60.44 20.49-70.57 50.86-7.68 23.03-11.6 45.14-38.11 45.14H183.06c-27.38 0-31.58-25.54-38.11-45.14C134.83 116.49 106.4 96 74.39 96 33.3 96 0 129.3 0 170.39v7.64c0 28.17 15.92 53.93 41.12 66.53 9.43 4.71 9.43 18.17 0 22.88C15.92 280.04 0 305.8 0 333.97v7.64C0 382.7 33.3 416 74.38 416c32.02 0 60.44-20.49 70.57-50.86 7.68-23.03 11.6-45.14 38.11-45.14h273.87c27.38 0 31.58 25.54 38.11 45.14C505.17 395.51 533.6 416 565.61 416c41.08 0 74.38-33.3 74.38-74.39v-7.64c0-28.18-15.92-53.93-41.12-66.53-9.42-4.71-9.42-18.17.01-22.88z\"><\/path><\/svg>\t\t\t<\/p>\n<h2>Zarejestruj si\u0119 na wizyt\u0119<\/h2>\n<p>Wype\u0142nij formularz, a skontaktujemy si\u0119 z Tob\u0105 w celu ustalenia najdogodniejszego dla Ciebie terminu wizyty:<\/p>\n\n<div class=\"wpcf7 no-js\" id=\"wpcf7-f28-o1\" lang=\"pl-PL\" dir=\"ltr\" data-wpcf7-id=\"28\">\n<div class=\"screen-reader-response\"><p role=\"status\" aria-live=\"polite\" aria-atomic=\"true\"><\/p> <ul><\/ul><\/div>\n<form action=\"\/index.php\/wp-json\/wp\/v2\/pages\/11#wpcf7-f28-o1\" method=\"post\" class=\"wpcf7-form init\" aria-label=\"Formularz kontaktowy\" novalidate=\"novalidate\" data-status=\"init\">\n<fieldset class=\"hidden-fields-container\"><input type=\"hidden\" name=\"_wpcf7\" value=\"28\" \/><input type=\"hidden\" name=\"_wpcf7_version\" value=\"6.1.5\" \/><input type=\"hidden\" name=\"_wpcf7_locale\" value=\"pl_PL\" \/><input type=\"hidden\" name=\"_wpcf7_unit_tag\" value=\"wpcf7-f28-o1\" \/><input type=\"hidden\" name=\"_wpcf7_container_post\" value=\"0\" \/><input type=\"hidden\" name=\"_wpcf7_posted_data_hash\" value=\"\" \/>\n<\/fieldset>\n<p><label> imi\u0119 i nazwisko<br \/>\n<span class=\"wpcf7-form-control-wrap\" data-name=\"your-name\"><input size=\"40\" maxlength=\"400\" class=\"wpcf7-form-control wpcf7-text wpcf7-validates-as-required\" autocomplete=\"name\" aria-required=\"true\" aria-invalid=\"false\" value=\"\" type=\"text\" name=\"your-name\" \/><\/span> <\/label>\n<\/p>\n<p><label> adres e-mail<br \/>\n<span class=\"wpcf7-form-control-wrap\" data-name=\"your-email\"><input size=\"40\" maxlength=\"400\" class=\"wpcf7-form-control wpcf7-email wpcf7-text wpcf7-validates-as-email\" autocomplete=\"email\" aria-invalid=\"false\" value=\"\" type=\"email\" name=\"your-email\" \/><\/span> <\/label>\n<\/p>\n<p><label> Tw\u00f3j telefon<br \/>\n<span class=\"wpcf7-form-control-wrap\" data-name=\"tel-77\"><input size=\"40\" maxlength=\"15\" minlength=\"9\" class=\"wpcf7-form-control wpcf7-tel wpcf7-validates-as-required wpcf7-text wpcf7-validates-as-tel\" autocomplete=\"mobile\" aria-required=\"true\" aria-invalid=\"false\" value=\"+48\" type=\"tel\" name=\"tel-77\" \/><\/span> <\/label>\n<\/p>\n<p><label> specjalista<br \/>\n<span class=\"wpcf7-form-control-wrap\" data-name=\"select-297\"><select class=\"wpcf7-form-control wpcf7-select wpcf7-validates-as-required\" aria-required=\"true\" aria-invalid=\"false\" name=\"select-297\"><option value=\"kardiolog\">kardiolog<\/option><option value=\"diabetolog\">diabetolog<\/option><option value=\"ortopeda\">ortopeda<\/option><\/select><\/span> <\/label>\n<\/p>\n<p><label> Twoja wiadomo\u015b\u0107: (opcjonalne)<br \/>\n<span class=\"wpcf7-form-control-wrap\" data-name=\"your-message\"><textarea cols=\"40\" rows=\"10\" maxlength=\"2000\" class=\"wpcf7-form-control wpcf7-textarea\" aria-invalid=\"false\" name=\"your-message\"><\/textarea><\/span> <\/label>\n<\/p>\n<p><span class=\"wpcf7-form-control-wrap\" data-name=\"acceptance-257\"><span class=\"wpcf7-form-control wpcf7-acceptance\"><span class=\"wpcf7-list-item\"><label><input type=\"checkbox\" name=\"acceptance-257\" value=\"1\" aria-invalid=\"false\" \/><span class=\"wpcf7-list-item-label\">Wyra\u017cam zgod\u0119 na przetwarzanie danych osobowych<\/span><\/label><\/span><\/span><\/span>\n<\/p>\n<p><span id=\"wpcf7-69ed2a9cd4eaf-wrapper\" class=\"wpcf7-form-control-wrap Rodo-wrap\" style=\"display:none !important; visibility:hidden !important;\"><label for=\"wpcf7-69ed2a9cd4eaf-field\" class=\"hp-message\">Please leave this field empty.<\/label><input id=\"wpcf7-69ed2a9cd4eaf-field\"  class=\"wpcf7-form-control wpcf7-text\" type=\"text\" name=\"Rodo\" value=\"\" size=\"40\" tabindex=\"-1\" autocomplete=\"new-password\" \/><\/span>\n<\/p>\n<p><input class=\"wpcf7-form-control wpcf7-submit has-spinner\" type=\"submit\" value=\"Wy\u015blij\" \/>\n<\/p><div class=\"wpcf7-response-output\" aria-hidden=\"true\"><\/div>\n<\/form>\n<\/div>\n\n<ul>\n<li>\n\t\t\t\t\t\t\t\t\t\t\t<a href=\"tel:+48570102077\"><br \/>\n\t\t\t\t\t\t\t<svg aria-hidden=\"true\" viewBox=\"0 0 512 512\" xmlns=\"http:\/\/www.w3.org\/2000\/svg\"><path d=\"M493.4 24.6l-104-24c-11.3-2.6-22.9 3.3-27.5 13.9l-48 112c-4.2 9.8-1.4 21.3 6.9 28l60.6 49.6c-36 76.7-98.9 140.5-177.2 177.2l-49.6-60.6c-6.8-8.3-18.2-11.1-28-6.9l-112 48C3.9 366.5-2 378.1.6 389.4l24 104C27.1 504.2 36.7 512 48 512c256.1 0 464-207.5 464-464 0-11.2-7.7-20.9-18.6-23.4z\"><\/path><\/svg><br \/>\n\t\t\t\t\t\t\t\t\t\t570-102-077 \u017bywiec<br \/>\n\t\t\t\t\t\t\t\t\t\t\t<\/a>\n\t\t\t\t\t\t\t\t\t<\/li>\n<li>\n\t\t\t\t\t\t\t\t\t\t\t<a href=\"tel:+48726403113\"><br \/>\n\t\t\t\t\t\t\t<svg aria-hidden=\"true\" viewBox=\"0 0 512 512\" xmlns=\"http:\/\/www.w3.org\/2000\/svg\"><path d=\"M493.4 24.6l-104-24c-11.3-2.6-22.9 3.3-27.5 13.9l-48 112c-4.2 9.8-1.4 21.3 6.9 28l60.6 49.6c-36 76.7-98.9 140.5-177.2 177.2l-49.6-60.6c-6.8-8.3-18.2-11.1-28-6.9l-112 48C3.9 366.5-2 378.1.6 389.4l24 104C27.1 504.2 36.7 512 48 512c256.1 0 464-207.5 464-464 0-11.2-7.7-20.9-18.6-23.4z\"><\/path><\/svg><br \/>\n\t\t\t\t\t\t\t\t\t\t726-403-113 Skocz\u00f3w<br \/>\n\t\t\t\t\t\t\t\t\t\t\t<\/a>\n\t\t\t\t\t\t\t\t\t<\/li>\n<li>\n\t\t\t\t\t\t\t\t\t\t\t<a href=\"mailto:rejestracja@kardiodiab.pl\" target=\"_blank\"><br \/>\n\t\t\t\t\t\t\t<svg aria-hidden=\"true\" viewBox=\"0 0 512 512\" xmlns=\"http:\/\/www.w3.org\/2000\/svg\"><path d=\"M502.3 190.8c3.9-3.1 9.7-.2 9.7 4.7V400c0 26.5-21.5 48-48 48H48c-26.5 0-48-21.5-48-48V195.6c0-5 5.7-7.8 9.7-4.7 22.4 17.4 52.1 39.5 154.1 113.6 21.1 15.4 56.7 47.8 92.2 47.6 35.7.3 72-32.8 92.3-47.6 102-74.1 131.6-96.3 154-113.7zM256 320c23.2.4 56.6-29.2 73.4-41.4 132.7-96.3 142.8-104.7 173.4-128.7 5.8-4.5 9.2-11.5 9.2-18.9v-19c0-26.5-21.5-48-48-48H48C21.5 64 0 85.5 0 112v19c0 7.4 3.4 14.3 9.2 18.9 30.6 23.9 40.7 32.4 173.4 128.7 16.8 12.2 50.2 41.8 73.4 41.4z\"><\/path><\/svg><br \/>\n\t\t\t\t\t\t\t\t\t\trejestracja@kardiodiab.pl<br \/>\n\t\t\t\t\t\t\t\t\t\t\t<\/a>\n\t\t\t\t\t\t\t\t\t<\/li>\n<\/ul>\n<h2>Nasze lokalizacje<\/h2>\n<h3>\u017bywiec, Tadeusza Ko\u015bciuszki 7 &#8211; wej\u015bcie od ulicy Zamkowej\u00a0<\/h3>\n<p>\t\t\t<iframe loading=\"lazy\"\n\t\t\t\t\tsrc=\"https:\/\/maps.google.com\/maps?q=%C5%BBywiec%20Tadeusza%20Ko%C5%9Bciuszki%207&#038;t=m&#038;z=15&#038;output=embed&#038;iwloc=near\"\n\t\t\t\t\ttitle=\"\u017bywiec Tadeusza Ko\u015bciuszki 7\"\n\t\t\t\t\taria-label=\"\u017bywiec Tadeusza Ko\u015bciuszki 7\"\n\t\t\t><\/iframe><\/p>\n<h3>\u017bywiec Tadeusza Ko\u015bciuszki 7<\/h3>\n<p>\t\t\t<iframe loading=\"lazy\"\n\t\t\t\t\tsrc=\"https:\/\/maps.google.com\/maps?q=Skocz%C3%B3w%2C%20Stary%20Targ%207b&#038;t=m&#038;z=15&#038;output=embed&#038;iwloc=near\"\n\t\t\t\t\ttitle=\"Skocz\u00f3w, Stary Targ 7b\"\n\t\t\t\t\taria-label=\"Skocz\u00f3w, Stary Targ 7b\"\n\t\t\t><\/iframe><\/p>\n","protected":false},"excerpt":{"rendered":"<p>Dwie lokalizacje: \u017bywiec, Ko\u015bciuszki 7 Skocz\u00f3w, Stary Targ 7b Godziny rejestracji: poniedzia\u0142ek &#8211; pi\u0105tek 8:00 &#8211; 16:00 Nasze us\u0142ugi Gabinet kardiologiczny Diagnostyka i leczenie chor\u00f3b uk\u0142adu sercowo-naczyniowego: choroba wie\u0144cowa, diagnostyka b\u00f3lu w klatce piersiowej zaburzenia rytmu serca nadci\u015bnienie t\u0119tnicze wady zastawkowe serca niewydolno\u015b\u0107 serca diagnostyka i leczenie cukrzycy leczenie oty\u0142o\u015bci i zaburze\u0144 tolerancji w\u0119glowodan\u00f3w, insuliooporno\u015bci [&hellip;]<\/p>\n","protected":false},"author":1,"featured_media":0,"parent":0,"menu_order":0,"comment_status":"closed","ping_status":"closed","template":"","meta":{"_gspb_post_css":"","footnotes":""},"class_list":["post-11","page","type-page","status-publish","hentry"],"blocksy_meta":[],"_links":{"self":[{"href":"https:\/\/kardiodiab.pl\/index.php\/wp-json\/wp\/v2\/pages\/11","targetHints":{"allow":["GET"]}}],"collection":[{"href":"https:\/\/kardiodiab.pl\/index.php\/wp-json\/wp\/v2\/pages"}],"about":[{"href":"https:\/\/kardiodiab.pl\/index.php\/wp-json\/wp\/v2\/types\/page"}],"author":[{"embeddable":true,"href":"https:\/\/kardiodiab.pl\/index.php\/wp-json\/wp\/v2\/users\/1"}],"replies":[{"embeddable":true,"href":"https:\/\/kardiodiab.pl\/index.php\/wp-json\/wp\/v2\/comments?post=11"}],"version-history":[{"count":205,"href":"https:\/\/kardiodiab.pl\/index.php\/wp-json\/wp\/v2\/pages\/11\/revisions"}],"predecessor-version":[{"id":814,"href":"https:\/\/kardiodiab.pl\/index.php\/wp-json\/wp\/v2\/pages\/11\/revisions\/814"}],"wp:attachment":[{"href":"https:\/\/kardiodiab.pl\/index.php\/wp-json\/wp\/v2\/media?parent=11"}],"curies":[{"name":"wp","href":"https:\/\/api.w.org\/{rel}","templated":true}]}}