{"id":870,"date":"2025-12-19T20:13:31","date_gmt":"2025-12-19T20:13:31","guid":{"rendered":"https:\/\/kardiodiab.pl\/?page_id=870"},"modified":"2025-12-24T08:36:41","modified_gmt":"2025-12-24T08:36:41","slug":"diabetologia","status":"publish","type":"page","link":"https:\/\/kardiodiab.pl\/index.php\/diabetologia\/","title":{"rendered":"Diabetologia"},"content":{"rendered":"\t\t<div data-elementor-type=\"wp-page\" data-elementor-id=\"870\" class=\"elementor elementor-870\">\n\t\t\t\t<div class=\"elementor-element elementor-element-3a08c40 e-grid e-con-boxed e-con e-parent\" data-id=\"3a08c40\" data-element_type=\"container\" data-e-type=\"container\">\n\t\t\t\t\t<div class=\"e-con-inner\">\n\t\t\t\t<div class=\"elementor-element elementor-element-61a2f83 elementor-widget elementor-widget-text-editor\" data-id=\"61a2f83\" data-element_type=\"widget\" data-e-type=\"widget\" data-widget_type=\"text-editor.default\">\n\t\t\t\t\t\t\t\t\t<h2 id=\"gabinet-diabetologiczny\" class=\"wp-block-heading\" style=\"text-align: right;\">GABINET DIABETOLOGICZNY<\/h2>\n<p style=\"text-align: right;\">Dr n. med. Anna \u0141ado\u015b-Krupa<br>specjalista chor\u00f3b wewn\u0119trznych<br>KARDIOLOG DIABETOLOG<\/p>\n<p><!-- \/wp:heading --><!-- wp:image {\"id\":26} --><\/p>\n<figure class=\"wp-block-image\"><img fetchpriority=\"high\" decoding=\"async\" class=\"alignright wp-image-26\" src=\"https:\/\/kardiodiab.pl\/wp-content\/uploads\/2025\/08\/IMG-20250801-WA0002-225x300.jpg\" alt=\"\" width=\"225\" height=\"300\" srcset=\"https:\/\/kardiodiab.pl\/wp-content\/uploads\/2025\/08\/IMG-20250801-WA0002-225x300.jpg 225w, https:\/\/kardiodiab.pl\/wp-content\/uploads\/2025\/08\/IMG-20250801-WA0002-768x1024.jpg 768w, https:\/\/kardiodiab.pl\/wp-content\/uploads\/2025\/08\/IMG-20250801-WA0002-1152x1536.jpg 1152w, https:\/\/kardiodiab.pl\/wp-content\/uploads\/2025\/08\/IMG-20250801-WA0002.jpg 1200w\" sizes=\"(max-width: 225px) 100vw, 225px\" \/><\/figure>\n<p><!-- \/wp:image --><!-- wp:paragraph --><\/p>\n<p style=\"text-align: right;\">\n<\/p><p><!-- \/wp:paragraph --><\/p>\t\t\t\t\t\t\t\t<\/div>\n\t\t\t\t<div class=\"elementor-element elementor-element-f5c4504 elementor-widget elementor-widget-text-editor\" data-id=\"f5c4504\" data-element_type=\"widget\" data-e-type=\"widget\" data-widget_type=\"text-editor.default\">\n\t\t\t\t\t\t\t\t\t<div>\u00a0<\/div>\n<p>\u00a0<\/p>\n<p>\u00a0<\/p>\n<p>\u00a0<\/p>\n<p>\u00a0<\/p>\n<p>\u00a0<\/p>\n<ul>\n<li>diagnostyka i leczenie cukrzycy<\/li>\n<li>leczenie oty\u0142o\u015bci i zaburze\u0144 tolerancji w\u0119glowodan\u00f3w<\/li>\n<li>leczenie insuliooporno\u015bci<\/li>\n<li>diagnostyka i leczenie niedoczynno\u015bci tarczycy<\/li>\n<li>EKG<\/li>\n<li>USG jamy brzusznej<\/li>\n<li>USG tarczycy<\/li>\n<\/ul>\t\t\t\t\t\t\t\t<\/div>\n\t\t\t\t\t<\/div>\n\t\t\t\t<\/div>\n\t\t\t\t<\/div>\n\t\t","protected":false},"excerpt":{"rendered":"<p>GABINET DIABETOLOGICZNY Dr n. med. Anna \u0141ado\u015b-Krupaspecjalista chor\u00f3b wewn\u0119trznychKARDIOLOG DIABETOLOG \u00a0 \u00a0 \u00a0 \u00a0 \u00a0 \u00a0 diagnostyka i leczenie cukrzycy leczenie oty\u0142o\u015bci i zaburze\u0144 tolerancji w\u0119glowodan\u00f3w leczenie insuliooporno\u015bci diagnostyka i leczenie niedoczynno\u015bci tarczycy EKG USG jamy brzusznej USG tarczycy<\/p>\n","protected":false},"author":1,"featured_media":0,"parent":0,"menu_order":0,"comment_status":"closed","ping_status":"closed","template":"","meta":{"_gspb_post_css":"","footnotes":""},"class_list":["post-870","page","type-page","status-publish","hentry"],"blocksy_meta":[],"_links":{"self":[{"href":"https:\/\/kardiodiab.pl\/index.php\/wp-json\/wp\/v2\/pages\/870","targetHints":{"allow":["GET"]}}],"collection":[{"href":"https:\/\/kardiodiab.pl\/index.php\/wp-json\/wp\/v2\/pages"}],"about":[{"href":"https:\/\/kardiodiab.pl\/index.php\/wp-json\/wp\/v2\/types\/page"}],"author":[{"embeddable":true,"href":"https:\/\/kardiodiab.pl\/index.php\/wp-json\/wp\/v2\/users\/1"}],"replies":[{"embeddable":true,"href":"https:\/\/kardiodiab.pl\/index.php\/wp-json\/wp\/v2\/comments?post=870"}],"version-history":[{"count":26,"href":"https:\/\/kardiodiab.pl\/index.php\/wp-json\/wp\/v2\/pages\/870\/revisions"}],"predecessor-version":[{"id":946,"href":"https:\/\/kardiodiab.pl\/index.php\/wp-json\/wp\/v2\/pages\/870\/revisions\/946"}],"wp:attachment":[{"href":"https:\/\/kardiodiab.pl\/index.php\/wp-json\/wp\/v2\/media?parent=870"}],"curies":[{"name":"wp","href":"https:\/\/api.w.org\/{rel}","templated":true}]}}